{"id":8450,"date":"2021-08-30T10:57:37","date_gmt":"2021-08-30T08:57:37","guid":{"rendered":"https:\/\/odmgv.hr\/ueber-uns\/"},"modified":"2024-05-24T10:08:06","modified_gmt":"2024-05-24T08:08:06","slug":"ueber-uns","status":"publish","type":"page","link":"https:\/\/odmgv.hr\/de\/ueber-uns\/","title":{"rendered":"\u00dcber uns"},"content":{"rendered":"\t\t<div data-elementor-type=\"wp-page\" data-elementor-id=\"8450\" class=\"elementor elementor-8450 elementor-2231\" data-elementor-post-type=\"page\">\n\t\t\t\t\t\t<section class=\"elementor-section elementor-top-section elementor-element elementor-element-28e2f49a elementor-section-boxed elementor-section-height-default elementor-section-height-default\" data-id=\"28e2f49a\" data-element_type=\"section\" data-e-type=\"section\" data-settings=\"{&quot;background_background&quot;:&quot;classic&quot;}\">\n\t\t\t\t\t\t<div class=\"elementor-container elementor-column-gap-default\">\n\t\t\t\t\t<div class=\"elementor-column elementor-col-100 elementor-top-column elementor-element elementor-element-5582d7b0\" data-id=\"5582d7b0\" data-element_type=\"column\" data-e-type=\"column\">\n\t\t\t<div class=\"elementor-widget-wrap elementor-element-populated\">\n\t\t\t\t\t\t<section class=\"elementor-section elementor-inner-section elementor-element elementor-element-9bfaea elementor-section-full_width elementor-section-height-default elementor-section-height-default\" data-id=\"9bfaea\" data-element_type=\"section\" data-e-type=\"section\" data-settings=\"{&quot;background_background&quot;:&quot;classic&quot;}\">\n\t\t\t\t\t\t<div class=\"elementor-container elementor-column-gap-default\">\n\t\t\t\t\t<div class=\"elementor-column elementor-col-50 elementor-inner-column elementor-element elementor-element-562c1846 elementor-invisible\" data-id=\"562c1846\" data-element_type=\"column\" data-e-type=\"column\" data-settings=\"{&quot;background_background&quot;:&quot;classic&quot;,&quot;animation&quot;:&quot;fadeInLeft&quot;}\">\n\t\t\t<div class=\"elementor-widget-wrap elementor-element-populated\">\n\t\t\t\t\t\t<div class=\"elementor-element elementor-element-4ab14fdb elementor-widget elementor-widget-image\" data-id=\"4ab14fdb\" data-element_type=\"widget\" data-e-type=\"widget\" data-widget_type=\"image.default\">\n\t\t\t\t<div class=\"elementor-widget-container\">\n\t\t\t\t\t\t\t\t\t\t\t\t\t\t\t<img fetchpriority=\"high\" decoding=\"async\" width=\"1340\" height=\"893\" src=\"https:\/\/odmgv.hr\/wp-content\/uploads\/2024\/05\/mgv-o-nama.webp\" class=\"attachment-full size-full wp-image-9817\" alt=\"\" srcset=\"https:\/\/odmgv.hr\/wp-content\/uploads\/2024\/05\/mgv-o-nama.webp 1340w, https:\/\/odmgv.hr\/wp-content\/uploads\/2024\/05\/mgv-o-nama-300x200.webp 300w, https:\/\/odmgv.hr\/wp-content\/uploads\/2024\/05\/mgv-o-nama-1024x682.webp 1024w, https:\/\/odmgv.hr\/wp-content\/uploads\/2024\/05\/mgv-o-nama-768x512.webp 768w\" sizes=\"(max-width: 1340px) 100vw, 1340px\" \/>\t\t\t\t\t\t\t\t\t\t\t\t\t\t\t<\/div>\n\t\t\t\t<\/div>\n\t\t\t\t\t<\/div>\n\t\t<\/div>\n\t\t\t\t<div class=\"elementor-column elementor-col-50 elementor-inner-column elementor-element elementor-element-2fe663c4 elementor-invisible\" data-id=\"2fe663c4\" data-element_type=\"column\" data-e-type=\"column\" data-settings=\"{&quot;background_background&quot;:&quot;classic&quot;,&quot;animation&quot;:&quot;fadeInRight&quot;}\">\n\t\t\t<div class=\"elementor-widget-wrap elementor-element-populated\">\n\t\t\t\t\t\t<div class=\"elementor-element elementor-element-5e44a154 elementor-invisible elementor-widget elementor-widget-heading\" data-id=\"5e44a154\" data-element_type=\"widget\" data-e-type=\"widget\" data-settings=\"{&quot;_animation&quot;:&quot;fadeInDown&quot;}\" data-widget_type=\"heading.default\">\n\t\t\t\t<div class=\"elementor-widget-container\">\n\t\t\t\t\t<h2 class=\"elementor-heading-title elementor-size-default\">H\u00f6chste Qualit\u00e4t<\/h2>\t\t\t\t<\/div>\n\t\t\t\t<\/div>\n\t\t\t\t<div class=\"elementor-element elementor-element-53e88d2a elementor-widget-mobile__width-auto elementor-invisible elementor-widget elementor-widget-text-editor\" data-id=\"53e88d2a\" data-element_type=\"widget\" data-e-type=\"widget\" data-settings=\"{&quot;_animation&quot;:&quot;fadeInUp&quot;}\" data-widget_type=\"text-editor.default\">\n\t\t\t\t<div class=\"elementor-widget-container\">\n\t\t\t\t\t\t\t\t\t<p>MAMI\u0106 GRGI\u0106 VINTER Rechtsanw\u00e4lte GmbH bietet mit ihrer langj\u00e4hrigen Erfahrung Rechtsberatung und -vertretung auf h\u00f6chstem Qualit\u00e4tsniveau f\u00fcr nationale und internationale Mandanten.<br><br>Wir sind bei unseren Mandanten als ein Team von Experten anerkannt, die jeweils in ihrem engeren T\u00e4tigkeitsbereich erstklassige juristische Dienstleistungen auch in den komplexesten Rechtsfragen erbringen.<\/p>\t\t\t\t\t\t\t\t<\/div>\n\t\t\t\t<\/div>\n\t\t\t\t\t<\/div>\n\t\t<\/div>\n\t\t\t\t\t<\/div>\n\t\t<\/section>\n\t\t\t\t\t<\/div>\n\t\t<\/div>\n\t\t\t\t\t<\/div>\n\t\t<\/section>\n\t\t\t\t<section class=\"elementor-section elementor-top-section elementor-element elementor-element-745d8021 elementor-section-boxed elementor-section-height-default elementor-section-height-default\" data-id=\"745d8021\" data-element_type=\"section\" data-e-type=\"section\" data-settings=\"{&quot;background_background&quot;:&quot;classic&quot;}\">\n\t\t\t\t\t\t<div class=\"elementor-container elementor-column-gap-default\">\n\t\t\t\t\t<div class=\"elementor-column elementor-col-100 elementor-top-column elementor-element elementor-element-3ce0a8f9\" data-id=\"3ce0a8f9\" data-element_type=\"column\" data-e-type=\"column\">\n\t\t\t<div class=\"elementor-widget-wrap elementor-element-populated\">\n\t\t\t\t\t\t<div class=\"elementor-element elementor-element-32204a91 elementor-invisible elementor-widget elementor-widget-heading\" data-id=\"32204a91\" data-element_type=\"widget\" data-e-type=\"widget\" data-settings=\"{&quot;_animation&quot;:&quot;fadeInDown&quot;}\" data-widget_type=\"heading.default\">\n\t\t\t\t<div class=\"elementor-widget-container\">\n\t\t\t\t\t<h2 class=\"elementor-heading-title elementor-size-default\">Was macht uns besonders?<\/h2>\t\t\t\t<\/div>\n\t\t\t\t<\/div>\n\t\t\t\t<section class=\"elementor-section elementor-inner-section elementor-element elementor-element-5bc4c245 elementor-section-boxed elementor-section-height-default elementor-section-height-default\" data-id=\"5bc4c245\" data-element_type=\"section\" data-e-type=\"section\">\n\t\t\t\t\t\t<div class=\"elementor-container elementor-column-gap-default\">\n\t\t\t\t\t<div class=\"elementor-column elementor-col-33 elementor-inner-column elementor-element elementor-element-7e7d6e0e elementor-invisible\" data-id=\"7e7d6e0e\" data-element_type=\"column\" data-e-type=\"column\" data-settings=\"{&quot;background_background&quot;:&quot;classic&quot;,&quot;animation&quot;:&quot;fadeInDown&quot;}\">\n\t\t\t<div class=\"elementor-widget-wrap elementor-element-populated\">\n\t\t\t\t\t\t<div class=\"elementor-element elementor-element-6e7c32af elementor-position-top elementor-widget elementor-widget-image-box\" data-id=\"6e7c32af\" data-element_type=\"widget\" data-e-type=\"widget\" data-widget_type=\"image-box.default\">\n\t\t\t\t<div class=\"elementor-widget-container\">\n\t\t\t\t\t<div class=\"elementor-image-box-wrapper\"><figure class=\"elementor-image-box-img\"><a href=\"https:\/\/odmgv.hr\/de\/juristische-deinstleistungen\/\" tabindex=\"-1\"><img decoding=\"async\" src=\"https:\/\/odmgv.hr\/wp-content\/uploads\/elementor\/thumbs\/radno_pravo-pqz2xtrh64g8sbvj4zwta3kafyt25lzgutppj1xa10.png\" title=\"radno_pravo\" alt=\"radno_pravo\" class=\"elementor-animation-sink\" loading=\"lazy\" \/><\/a><\/figure><div class=\"elementor-image-box-content\"><h3 class=\"elementor-image-box-title\"><a href=\"https:\/\/odmgv.hr\/de\/juristische-deinstleistungen\/\">Juristische Dienstleistungen<\/a><\/h3><p class=\"elementor-image-box-description\">Integrierte Rechtsvertretung und Beratung <\/p><\/div><\/div>\t\t\t\t<\/div>\n\t\t\t\t<\/div>\n\t\t\t\t<div class=\"elementor-element elementor-element-5dcdb6b7 elementor-view-default elementor-widget elementor-widget-icon\" data-id=\"5dcdb6b7\" data-element_type=\"widget\" data-e-type=\"widget\" data-widget_type=\"icon.default\">\n\t\t\t\t<div class=\"elementor-widget-container\">\n\t\t\t\t\t\t\t<div class=\"elementor-icon-wrapper\">\n\t\t\t<a class=\"elementor-icon\" href=\"https:\/\/odmgv.hr\/de\/juristische-deinstleistungen\/\">\n\t\t\t<i aria-hidden=\"true\" class=\"fas fa-arrow-right\"><\/i>\t\t\t<\/a>\n\t\t<\/div>\n\t\t\t\t\t\t<\/div>\n\t\t\t\t<\/div>\n\t\t\t\t\t<\/div>\n\t\t<\/div>\n\t\t\t\t<div class=\"elementor-column elementor-col-33 elementor-inner-column elementor-element elementor-element-d9de6f1 elementor-invisible\" data-id=\"d9de6f1\" data-element_type=\"column\" data-e-type=\"column\" data-settings=\"{&quot;background_background&quot;:&quot;classic&quot;,&quot;animation&quot;:&quot;fadeInDown&quot;}\">\n\t\t\t<div class=\"elementor-widget-wrap elementor-element-populated\">\n\t\t\t\t\t\t<div class=\"elementor-element elementor-element-46d551f8 elementor-position-top elementor-widget elementor-widget-image-box\" data-id=\"46d551f8\" data-element_type=\"widget\" data-e-type=\"widget\" data-widget_type=\"image-box.default\">\n\t\t\t\t<div class=\"elementor-widget-container\">\n\t\t\t\t\t<div class=\"elementor-image-box-wrapper\"><figure class=\"elementor-image-box-img\"><a href=\"https:\/\/odmgv.hr\/de\/kontakt\/\" tabindex=\"-1\"><img decoding=\"async\" src=\"https:\/\/odmgv.hr\/wp-content\/uploads\/elementor\/thumbs\/individualni_pristup-pqz726mfurjh8odmu4iztntdrbkn1syb94imd9ybyc.png\" title=\"individualni_pristup\" alt=\"individualni_pristup\" class=\"elementor-animation-sink\" loading=\"lazy\" \/><\/a><\/figure><div class=\"elementor-image-box-content\"><h3 class=\"elementor-image-box-title\"><a href=\"https:\/\/odmgv.hr\/de\/kontakt\/\">Individueller Ansatz<\/a><\/h3><p class=\"elementor-image-box-description\">Engagierte und disziplinierte Arbeit und Verst\u00e4ndnis f\u00fcr das Gesch\u00e4ft der Kunden<\/p><\/div><\/div>\t\t\t\t<\/div>\n\t\t\t\t<\/div>\n\t\t\t\t<div class=\"elementor-element elementor-element-4a6c90a5 elementor-view-default elementor-widget elementor-widget-icon\" data-id=\"4a6c90a5\" data-element_type=\"widget\" data-e-type=\"widget\" data-widget_type=\"icon.default\">\n\t\t\t\t<div class=\"elementor-widget-container\">\n\t\t\t\t\t\t\t<div class=\"elementor-icon-wrapper\">\n\t\t\t<a class=\"elementor-icon\" href=\"https:\/\/odmgv.hr\/de\/kontakt\/\">\n\t\t\t<i aria-hidden=\"true\" class=\"fas fa-arrow-right\"><\/i>\t\t\t<\/a>\n\t\t<\/div>\n\t\t\t\t\t\t<\/div>\n\t\t\t\t<\/div>\n\t\t\t\t\t<\/div>\n\t\t<\/div>\n\t\t\t\t<div class=\"elementor-column elementor-col-33 elementor-inner-column elementor-element elementor-element-1c16aa6c elementor-invisible\" data-id=\"1c16aa6c\" data-element_type=\"column\" data-e-type=\"column\" data-settings=\"{&quot;background_background&quot;:&quot;classic&quot;,&quot;animation&quot;:&quot;fadeInDown&quot;}\">\n\t\t\t<div class=\"elementor-widget-wrap elementor-element-populated\">\n\t\t\t\t\t\t<div class=\"elementor-element elementor-element-1c243875 elementor-position-top elementor-widget elementor-widget-image-box\" data-id=\"1c243875\" data-element_type=\"widget\" data-e-type=\"widget\" data-widget_type=\"image-box.default\">\n\t\t\t\t<div class=\"elementor-widget-container\">\n\t\t\t\t\t<div class=\"elementor-image-box-wrapper\"><figure class=\"elementor-image-box-img\"><a href=\"https:\/\/odmgv.hr\/de\/unser-team\/\" tabindex=\"-1\"><img decoding=\"async\" src=\"https:\/\/odmgv.hr\/wp-content\/uploads\/elementor\/thumbs\/preuzimanja_spajanja-pqz2xstmzaeygpwwahi6plstukxoxwvqip281ryo78.png\" title=\"preuzimanja_spajanja\" alt=\"preuzimanja_spajanja\" class=\"elementor-animation-sink\" loading=\"lazy\" \/><\/a><\/figure><div class=\"elementor-image-box-content\"><h3 class=\"elementor-image-box-title\"><a href=\"https:\/\/odmgv.hr\/de\/unser-team\/\">Unser Team<\/a><\/h3><p class=\"elementor-image-box-description\">Top-Rechtsdienstleistungen auch in den komplexesten Rechtsfragen<\/p><\/div><\/div>\t\t\t\t<\/div>\n\t\t\t\t<\/div>\n\t\t\t\t<div class=\"elementor-element elementor-element-3f73ff61 elementor-view-default elementor-widget elementor-widget-icon\" data-id=\"3f73ff61\" data-element_type=\"widget\" data-e-type=\"widget\" data-widget_type=\"icon.default\">\n\t\t\t\t<div class=\"elementor-widget-container\">\n\t\t\t\t\t\t\t<div class=\"elementor-icon-wrapper\">\n\t\t\t<a class=\"elementor-icon\" href=\"https:\/\/odmgv.hr\/de\/unser-team\/\">\n\t\t\t<i aria-hidden=\"true\" class=\"fas fa-arrow-right\"><\/i>\t\t\t<\/a>\n\t\t<\/div>\n\t\t\t\t\t\t<\/div>\n\t\t\t\t<\/div>\n\t\t\t\t\t<\/div>\n\t\t<\/div>\n\t\t\t\t\t<\/div>\n\t\t<\/section>\n\t\t\t\t<div class=\"elementor-element elementor-element-12bd974 elementor-widget elementor-widget-text-editor\" data-id=\"12bd974\" data-element_type=\"widget\" data-e-type=\"widget\" data-widget_type=\"text-editor.default\">\n\t\t\t\t<div class=\"elementor-widget-container\">\n\t\t\t\t\t\t\t\t\t<p>Unser Ziel ist es, f\u00fcr jedes Rechtsproblem schnell, transparent, professionell und flexibel die beste L\u00f6sung zu finden, entweder durch individuelle Beratung oder zur Unterst\u00fctzung der internen Rechtsabteilung der Mandanten.<\/p><p>Die MGV bietet eine integrierte Art juristischer Dienstleistungen, die sowohl Rechtsvertretung als auch Beratung im Bereich Handels- und Gesellschaftsrecht, Arbeitsrecht, Forderungseinzug, komplexer verm\u00f6gensrechtlicher Transaktionen und Erwerbe (<em>Anteils- und Verm\u00f6genserwerbe<\/em>), <em>Due-Diligence<\/em>-Verfahren, sowie Beratung zur Harmonisierung des Gesch\u00e4fts von Mandanten mit geltenden nationalen und EU-Vorschriften (<em>Compliance<\/em>) kombiniert.<\/p><p>Durch t\u00e4gliche berufliche Weiterentwicklung, engagierte und disziplinierte Arbeit, Verst\u00e4ndnis f\u00fcr das Gesch\u00e4ft der Mandanten sowie individuelle Herangehensweise l\u00f6st MGV effektiv jede einzelne rechtliche Frage oder rechtliches Problem.<\/p><p>Wir beraten unsere Mandanten in einer Vielzahl von allt\u00e4glichen Fragen im Zusammenhang mit Corporate Governance sowie Bank- und Infrastrukturprojekten.<\/p><p>Unser Team engagiert sich f\u00fcr jede einzelne Rechtsfrage, weil sie alle gleicherma\u00dfen wichtig sind.<\/p>\t\t\t\t\t\t\t\t<\/div>\n\t\t\t\t<\/div>\n\t\t\t\t\t<\/div>\n\t\t<\/div>\n\t\t\t\t\t<\/div>\n\t\t<\/section>\n\t\t\t\t<section class=\"elementor-section elementor-top-section elementor-element elementor-element-6ba016b elementor-section-boxed elementor-section-height-default elementor-section-height-default\" data-id=\"6ba016b\" data-element_type=\"section\" data-e-type=\"section\" data-settings=\"{&quot;background_background&quot;:&quot;classic&quot;}\">\n\t\t\t\t\t\t<div class=\"elementor-container elementor-column-gap-default\">\n\t\t\t\t\t<div class=\"elementor-column elementor-col-100 elementor-top-column elementor-element elementor-element-d977f16\" data-id=\"d977f16\" data-element_type=\"column\" data-e-type=\"column\">\n\t\t\t<div class=\"elementor-widget-wrap elementor-element-populated\">\n\t\t\t\t\t\t<div class=\"elementor-element elementor-element-2f21633 elementor-invisible elementor-widget elementor-widget-heading\" data-id=\"2f21633\" data-element_type=\"widget\" data-e-type=\"widget\" data-settings=\"{&quot;_animation&quot;:&quot;fadeInDown&quot;}\" data-widget_type=\"heading.default\">\n\t\t\t\t<div class=\"elementor-widget-container\">\n\t\t\t\t\t<h2 class=\"elementor-heading-title elementor-size-default\">Unser Team<\/h2>\t\t\t\t<\/div>\n\t\t\t\t<\/div>\n\t\t\t\t<section class=\"elementor-section elementor-inner-section elementor-element elementor-element-6337e04 elementor-section-boxed elementor-section-height-default elementor-section-height-default\" data-id=\"6337e04\" data-element_type=\"section\" data-e-type=\"section\">\n\t\t\t\t\t\t<div class=\"elementor-container elementor-column-gap-default\">\n\t\t\t\t\t<div class=\"elementor-column elementor-col-33 elementor-inner-column elementor-element elementor-element-919e093 elementor-invisible\" data-id=\"919e093\" data-element_type=\"column\" data-e-type=\"column\" data-settings=\"{&quot;animation&quot;:&quot;fadeInLeft&quot;}\">\n\t\t\t<div class=\"elementor-widget-wrap elementor-element-populated\">\n\t\t\t\t\t\t<div class=\"elementor-element elementor-element-da2a1e5 elementor-widget elementor-widget-image\" data-id=\"da2a1e5\" data-element_type=\"widget\" data-e-type=\"widget\" data-widget_type=\"image.default\">\n\t\t\t\t<div class=\"elementor-widget-container\">\n\t\t\t\t\t\t\t\t\t\t\t\t\t\t\t\t<a href=\"https:\/\/odmgv.hr\/de\/jakov-mamic\/\">\n\t\t\t\t\t\t\t<img decoding=\"async\" src=\"https:\/\/odmgv.hr\/wp-content\/uploads\/elementor\/thumbs\/crop_MGV-Jakov-Mamic-qoho4249ioa7lj8qkabfzjagjjagj0hqktomokyazw.webp\" title=\"crop_MGV Jakov Mamic\" alt=\"crop_MGV Jakov Mamic\" class=\"elementor-animation-float\" loading=\"lazy\" \/>\t\t\t\t\t\t\t\t<\/a>\n\t\t\t\t\t\t\t\t\t\t\t\t\t\t\t<\/div>\n\t\t\t\t<\/div>\n\t\t\t\t<div class=\"elementor-element elementor-element-3d3a84e elementor-widget elementor-widget-heading\" data-id=\"3d3a84e\" data-element_type=\"widget\" data-e-type=\"widget\" data-widget_type=\"heading.default\">\n\t\t\t\t<div class=\"elementor-widget-container\">\n\t\t\t\t\t<h3 class=\"elementor-heading-title elementor-size-default\">Jakov Mami\u0107<\/h3>\t\t\t\t<\/div>\n\t\t\t\t<\/div>\n\t\t\t\t<div class=\"elementor-element elementor-element-48538f5 elementor-widget elementor-widget-text-editor\" data-id=\"48538f5\" data-element_type=\"widget\" data-e-type=\"widget\" data-widget_type=\"text-editor.default\">\n\t\t\t\t<div class=\"elementor-widget-container\">\n\t\t\t\t\t\t\t\t\t<p>Rechtsanwalt \/ Partner<\/p>\t\t\t\t\t\t\t\t<\/div>\n\t\t\t\t<\/div>\n\t\t\t\t<div class=\"elementor-element elementor-element-ac40d5b elementor-view-default elementor-widget elementor-widget-icon\" data-id=\"ac40d5b\" data-element_type=\"widget\" data-e-type=\"widget\" data-widget_type=\"icon.default\">\n\t\t\t\t<div class=\"elementor-widget-container\">\n\t\t\t\t\t\t\t<div class=\"elementor-icon-wrapper\">\n\t\t\t<a class=\"elementor-icon\" href=\"https:\/\/odmgv.hr\/de\/jakov-mamic\/\">\n\t\t\t<i aria-hidden=\"true\" class=\"fas fa-arrow-right\"><\/i>\t\t\t<\/a>\n\t\t<\/div>\n\t\t\t\t\t\t<\/div>\n\t\t\t\t<\/div>\n\t\t\t\t\t<\/div>\n\t\t<\/div>\n\t\t\t\t<div class=\"elementor-column elementor-col-33 elementor-inner-column elementor-element elementor-element-7345032 elementor-invisible\" data-id=\"7345032\" data-element_type=\"column\" data-e-type=\"column\" data-settings=\"{&quot;animation&quot;:&quot;fadeInLeft&quot;}\">\n\t\t\t<div class=\"elementor-widget-wrap elementor-element-populated\">\n\t\t\t\t\t\t<div class=\"elementor-element elementor-element-9101169 elementor-widget elementor-widget-image\" data-id=\"9101169\" data-element_type=\"widget\" data-e-type=\"widget\" data-widget_type=\"image.default\">\n\t\t\t\t<div class=\"elementor-widget-container\">\n\t\t\t\t\t\t\t\t\t\t\t\t\t\t\t\t<a href=\"https:\/\/odmgv.hr\/de\/jerko-grgic\/\">\n\t\t\t\t\t\t\t<img decoding=\"async\" src=\"https:\/\/odmgv.hr\/wp-content\/uploads\/elementor\/thumbs\/crop_MGV-portreti-035_Jerko-Grgic-qoj0g5u7kccqptn8kyesexd63sjj75kytjbb6evu3w.webp\" title=\"crop_MGV-portreti-035_Jerko Grgic\" alt=\"crop_MGV-portreti-035_Jerko Grgic\" class=\"elementor-animation-float\" loading=\"lazy\" \/>\t\t\t\t\t\t\t\t<\/a>\n\t\t\t\t\t\t\t\t\t\t\t\t\t\t\t<\/div>\n\t\t\t\t<\/div>\n\t\t\t\t<div class=\"elementor-element elementor-element-740eaf2 elementor-widget elementor-widget-heading\" data-id=\"740eaf2\" data-element_type=\"widget\" data-e-type=\"widget\" data-widget_type=\"heading.default\">\n\t\t\t\t<div class=\"elementor-widget-container\">\n\t\t\t\t\t<h3 class=\"elementor-heading-title elementor-size-default\">Jerko Grgi\u0107<\/h3>\t\t\t\t<\/div>\n\t\t\t\t<\/div>\n\t\t\t\t<div class=\"elementor-element elementor-element-cef9f05 elementor-widget elementor-widget-text-editor\" data-id=\"cef9f05\" data-element_type=\"widget\" data-e-type=\"widget\" data-widget_type=\"text-editor.default\">\n\t\t\t\t<div class=\"elementor-widget-container\">\n\t\t\t\t\t\t\t\t\t<div class=\"elementor-element elementor-element-11c797bc elementor-widget elementor-widget-text-editor\" data-id=\"11c797bc\" data-element_type=\"widget\" data-widget_type=\"text-editor.default\"><div class=\"elementor-widget-container\"><p>Rechtsanwalt \/ Partner<\/p><\/div><\/div>\t\t\t\t\t\t\t\t<\/div>\n\t\t\t\t<\/div>\n\t\t\t\t<div class=\"elementor-element elementor-element-bc10000 elementor-view-default elementor-widget elementor-widget-icon\" data-id=\"bc10000\" data-element_type=\"widget\" data-e-type=\"widget\" data-widget_type=\"icon.default\">\n\t\t\t\t<div class=\"elementor-widget-container\">\n\t\t\t\t\t\t\t<div class=\"elementor-icon-wrapper\">\n\t\t\t<a class=\"elementor-icon\" href=\"https:\/\/odmgv.hr\/de\/jerko-grgic\/\">\n\t\t\t<i aria-hidden=\"true\" class=\"fas fa-arrow-right\"><\/i>\t\t\t<\/a>\n\t\t<\/div>\n\t\t\t\t\t\t<\/div>\n\t\t\t\t<\/div>\n\t\t\t\t\t<\/div>\n\t\t<\/div>\n\t\t\t\t<div class=\"elementor-column elementor-col-33 elementor-inner-column elementor-element elementor-element-6b05303 elementor-invisible\" data-id=\"6b05303\" data-element_type=\"column\" data-e-type=\"column\" data-settings=\"{&quot;animation&quot;:&quot;fadeInRight&quot;}\">\n\t\t\t<div class=\"elementor-widget-wrap elementor-element-populated\">\n\t\t\t\t\t\t<div class=\"elementor-element elementor-element-4a312d3 elementor-widget elementor-widget-image\" data-id=\"4a312d3\" data-element_type=\"widget\" data-e-type=\"widget\" data-widget_type=\"image.default\">\n\t\t\t\t<div class=\"elementor-widget-container\">\n\t\t\t\t\t\t\t\t\t\t\t\t\t\t\t\t<a href=\"https:\/\/odmgv.hr\/de\/martina-vinter\/\">\n\t\t\t\t\t\t\t<img decoding=\"async\" src=\"https:\/\/odmgv.hr\/wp-content\/uploads\/elementor\/thumbs\/crop_MGV-Martina-Vinter-qoho43zxwccs8r609b4p4itdqb16yep792zln4ving.webp\" title=\"crop_MGV Martina Vinter\" alt=\"crop_MGV Martina Vinter\" class=\"elementor-animation-float\" loading=\"lazy\" \/>\t\t\t\t\t\t\t\t<\/a>\n\t\t\t\t\t\t\t\t\t\t\t\t\t\t\t<\/div>\n\t\t\t\t<\/div>\n\t\t\t\t<div class=\"elementor-element elementor-element-c27b87c elementor-widget elementor-widget-heading\" data-id=\"c27b87c\" data-element_type=\"widget\" data-e-type=\"widget\" data-widget_type=\"heading.default\">\n\t\t\t\t<div class=\"elementor-widget-container\">\n\t\t\t\t\t<h3 class=\"elementor-heading-title elementor-size-default\">Martina Vinter<\/h3>\t\t\t\t<\/div>\n\t\t\t\t<\/div>\n\t\t\t\t<div class=\"elementor-element elementor-element-58d73f4 elementor-widget elementor-widget-text-editor\" data-id=\"58d73f4\" data-element_type=\"widget\" data-e-type=\"widget\" data-widget_type=\"text-editor.default\">\n\t\t\t\t<div class=\"elementor-widget-container\">\n\t\t\t\t\t\t\t\t\t<div class=\"elementor-element elementor-element-6d8f01cb elementor-widget elementor-widget-text-editor\" data-id=\"6d8f01cb\" data-element_type=\"widget\" data-widget_type=\"text-editor.default\"><div class=\"elementor-widget-container\"><p>Rechtsanwalt \/ Partner<\/p><\/div><\/div>\t\t\t\t\t\t\t\t<\/div>\n\t\t\t\t<\/div>\n\t\t\t\t<div class=\"elementor-element elementor-element-ca364ef elementor-view-default elementor-widget elementor-widget-icon\" data-id=\"ca364ef\" data-element_type=\"widget\" data-e-type=\"widget\" data-widget_type=\"icon.default\">\n\t\t\t\t<div class=\"elementor-widget-container\">\n\t\t\t\t\t\t\t<div class=\"elementor-icon-wrapper\">\n\t\t\t<a class=\"elementor-icon\" href=\"https:\/\/odmgv.hr\/de\/martina-vinter\/\">\n\t\t\t<i aria-hidden=\"true\" class=\"fas fa-arrow-right\"><\/i>\t\t\t<\/a>\n\t\t<\/div>\n\t\t\t\t\t\t<\/div>\n\t\t\t\t<\/div>\n\t\t\t\t\t<\/div>\n\t\t<\/div>\n\t\t\t\t\t<\/div>\n\t\t<\/section>\n\t\t\t\t<section class=\"elementor-section elementor-inner-section elementor-element elementor-element-2606476 elementor-section-boxed elementor-section-height-default elementor-section-height-default\" data-id=\"2606476\" data-element_type=\"section\" data-e-type=\"section\">\n\t\t\t\t\t\t<div class=\"elementor-container elementor-column-gap-default\">\n\t\t\t\t\t<div class=\"elementor-column elementor-col-100 elementor-inner-column elementor-element elementor-element-7d55512\" data-id=\"7d55512\" data-element_type=\"column\" data-e-type=\"column\">\n\t\t\t<div class=\"elementor-widget-wrap elementor-element-populated\">\n\t\t\t\t\t\t<div class=\"elementor-element elementor-element-9398ff9 elementor-widget__width-auto elementor-mobile-align-center elementor-widget-mobile__width-auto elementor-tablet-align-center elementor-invisible elementor-widget elementor-widget-button\" data-id=\"9398ff9\" data-element_type=\"widget\" data-e-type=\"widget\" data-settings=\"{&quot;_animation&quot;:&quot;fadeInRight&quot;}\" data-widget_type=\"button.default\">\n\t\t\t\t<div class=\"elementor-widget-container\">\n\t\t\t\t\t\t\t\t\t<div class=\"elementor-button-wrapper\">\n\t\t\t\t\t<a class=\"elementor-button elementor-button-link elementor-size-sm\" href=\"https:\/\/odmgv.hr\/de\/unser-team\/\">\n\t\t\t\t\t\t<span class=\"elementor-button-content-wrapper\">\n\t\t\t\t\t\t<span class=\"elementor-button-icon\">\n\t\t\t\t<i aria-hidden=\"true\" class=\"fas fa-arrow-right\"><\/i>\t\t\t<\/span>\n\t\t\t\t\t\t\t\t\t<span class=\"elementor-button-text\">Schauen Sie sich alles an<\/span>\n\t\t\t\t\t<\/span>\n\t\t\t\t\t<\/a>\n\t\t\t\t<\/div>\n\t\t\t\t\t\t\t\t<\/div>\n\t\t\t\t<\/div>\n\t\t\t\t\t<\/div>\n\t\t<\/div>\n\t\t\t\t\t<\/div>\n\t\t<\/section>\n\t\t\t\t\t<\/div>\n\t\t<\/div>\n\t\t\t\t\t<\/div>\n\t\t<\/section>\n\t\t\t\t<\/div>\n\t\t","protected":false},"excerpt":{"rendered":"<p>H\u00f6chste Qualit\u00e4t MAMI\u0106 GRGI\u0106 VINTER Rechtsanw\u00e4lte GmbH<\/p>\n","protected":false},"author":1,"featured_media":0,"parent":0,"menu_order":0,"comment_status":"closed","ping_status":"closed","template":"elementor_header_footer","meta":{"footnotes":""},"class_list":["post-8450","page","type-page","status-publish","hentry"],"_links":{"self":[{"href":"https:\/\/odmgv.hr\/de\/wp-json\/wp\/v2\/pages\/8450","targetHints":{"allow":["GET"]}}],"collection":[{"href":"https:\/\/odmgv.hr\/de\/wp-json\/wp\/v2\/pages"}],"about":[{"href":"https:\/\/odmgv.hr\/de\/wp-json\/wp\/v2\/types\/page"}],"author":[{"embeddable":true,"href":"https:\/\/odmgv.hr\/de\/wp-json\/wp\/v2\/users\/1"}],"replies":[{"embeddable":true,"href":"https:\/\/odmgv.hr\/de\/wp-json\/wp\/v2\/comments?post=8450"}],"version-history":[{"count":6,"href":"https:\/\/odmgv.hr\/de\/wp-json\/wp\/v2\/pages\/8450\/revisions"}],"predecessor-version":[{"id":10640,"href":"https:\/\/odmgv.hr\/de\/wp-json\/wp\/v2\/pages\/8450\/revisions\/10640"}],"wp:attachment":[{"href":"https:\/\/odmgv.hr\/de\/wp-json\/wp\/v2\/media?parent=8450"}],"curies":[{"name":"wp","href":"https:\/\/api.w.org\/{rel}","templated":true}]}}