{"id":8486,"date":"2022-06-21T10:54:51","date_gmt":"2022-06-21T08:54:51","guid":{"rendered":"https:\/\/odmgv.hr\/jerko-grgic\/"},"modified":"2025-01-27T14:15:24","modified_gmt":"2025-01-27T13:15:24","slug":"jerko-grgic","status":"publish","type":"page","link":"https:\/\/odmgv.hr\/de\/jerko-grgic\/","title":{"rendered":"Jerko Grgi\u0107"},"content":{"rendered":"\t\t<div data-elementor-type=\"wp-page\" data-elementor-id=\"8486\" class=\"elementor elementor-8486 elementor-7454\" data-elementor-post-type=\"page\">\n\t\t\t\t\t\t<section class=\"elementor-section elementor-top-section elementor-element elementor-element-28e2f49a elementor-section-boxed elementor-section-height-default elementor-section-height-default\" data-id=\"28e2f49a\" data-element_type=\"section\" data-e-type=\"section\" data-settings=\"{&quot;background_background&quot;:&quot;classic&quot;}\">\n\t\t\t\t\t\t<div class=\"elementor-container elementor-column-gap-default\">\n\t\t\t\t\t<div class=\"elementor-column elementor-col-100 elementor-top-column elementor-element elementor-element-5582d7b0\" data-id=\"5582d7b0\" data-element_type=\"column\" data-e-type=\"column\">\n\t\t\t<div class=\"elementor-widget-wrap elementor-element-populated\">\n\t\t\t\t\t\t<section class=\"elementor-section elementor-inner-section elementor-element elementor-element-9bfaea elementor-section-boxed elementor-section-height-default elementor-section-height-default\" data-id=\"9bfaea\" data-element_type=\"section\" data-e-type=\"section\" data-settings=\"{&quot;background_background&quot;:&quot;classic&quot;}\">\n\t\t\t\t\t\t<div class=\"elementor-container elementor-column-gap-default\">\n\t\t\t\t\t<div class=\"elementor-column elementor-col-50 elementor-inner-column elementor-element elementor-element-562c1846 elementor-invisible\" data-id=\"562c1846\" data-element_type=\"column\" data-e-type=\"column\" data-settings=\"{&quot;background_background&quot;:&quot;classic&quot;,&quot;animation&quot;:&quot;fadeInLeft&quot;}\">\n\t\t\t<div class=\"elementor-widget-wrap elementor-element-populated\">\n\t\t\t\t\t\t<div class=\"elementor-element elementor-element-4ab14fdb elementor-widget elementor-widget-image\" data-id=\"4ab14fdb\" data-element_type=\"widget\" data-e-type=\"widget\" data-widget_type=\"image.default\">\n\t\t\t\t<div class=\"elementor-widget-container\">\n\t\t\t\t\t\t\t\t\t\t\t\t\t\t\t<img fetchpriority=\"high\" decoding=\"async\" width=\"530\" height=\"795\" src=\"https:\/\/odmgv.hr\/wp-content\/uploads\/2024\/05\/MGV-portreti-035_Jerko-Grgic.webp\" class=\"attachment-full size-full wp-image-9902\" alt=\"\" srcset=\"https:\/\/odmgv.hr\/wp-content\/uploads\/2024\/05\/MGV-portreti-035_Jerko-Grgic.webp 530w, https:\/\/odmgv.hr\/wp-content\/uploads\/2024\/05\/MGV-portreti-035_Jerko-Grgic-200x300.webp 200w\" sizes=\"(max-width: 530px) 100vw, 530px\" \/>\t\t\t\t\t\t\t\t\t\t\t\t\t\t\t<\/div>\n\t\t\t\t<\/div>\n\t\t\t\t\t<\/div>\n\t\t<\/div>\n\t\t\t\t<div class=\"elementor-column elementor-col-50 elementor-inner-column elementor-element elementor-element-2fe663c4 elementor-invisible\" data-id=\"2fe663c4\" data-element_type=\"column\" data-e-type=\"column\" data-settings=\"{&quot;background_background&quot;:&quot;classic&quot;,&quot;animation&quot;:&quot;fadeInRight&quot;}\">\n\t\t\t<div class=\"elementor-widget-wrap elementor-element-populated\">\n\t\t\t\t\t\t<div class=\"elementor-element elementor-element-5e44a154 elementor-invisible elementor-widget elementor-widget-heading\" data-id=\"5e44a154\" data-element_type=\"widget\" data-e-type=\"widget\" data-settings=\"{&quot;_animation&quot;:&quot;fadeInDown&quot;}\" data-widget_type=\"heading.default\">\n\t\t\t\t<div class=\"elementor-widget-container\">\n\t\t\t\t\t<h2 class=\"elementor-heading-title elementor-size-default\">Jerko Grgi\u0107<\/h2>\t\t\t\t<\/div>\n\t\t\t\t<\/div>\n\t\t\t\t<div class=\"elementor-element elementor-element-8701dfb elementor-invisible elementor-widget elementor-widget-heading\" data-id=\"8701dfb\" data-element_type=\"widget\" data-e-type=\"widget\" data-settings=\"{&quot;_animation&quot;:&quot;fadeInDown&quot;}\" data-widget_type=\"heading.default\">\n\t\t\t\t<div class=\"elementor-widget-container\">\n\t\t\t\t\t<h3 class=\"elementor-heading-title elementor-size-default\">Rechtsanwalt \/ Partner<\/h3>\t\t\t\t<\/div>\n\t\t\t\t<\/div>\n\t\t\t\t<div class=\"elementor-element elementor-element-c6e911e elementor-widget elementor-widget-text-editor\" data-id=\"c6e911e\" data-element_type=\"widget\" data-e-type=\"widget\" data-widget_type=\"text-editor.default\">\n\t\t\t\t<div class=\"elementor-widget-container\">\n\t\t\t\t\t\t\t\t\t<p><strong>KONTAKT<\/strong><br><a href=\"tel:+385%2091%203636%20033\">+385 91 3636 033<\/a><br><a href=\"mailto:jerko.grgic@mamic-grgic.hr\">jerko.grgic@mamic-grgic.hr<\/a><\/p>\t\t\t\t\t\t\t\t<\/div>\n\t\t\t\t<\/div>\n\t\t\t\t<div class=\"elementor-element elementor-element-53e88d2a elementor-widget-mobile__width-auto elementor-invisible elementor-widget elementor-widget-text-editor\" data-id=\"53e88d2a\" data-element_type=\"widget\" data-e-type=\"widget\" data-settings=\"{&quot;_animation&quot;:&quot;fadeInUp&quot;}\" data-widget_type=\"text-editor.default\">\n\t\t\t\t<div class=\"elementor-widget-container\">\n\t\t\t\t\t\t\t\t\t<strong>RECHTSGEBIETE<\/strong>\n<ul>\n <li>Handelsrecht<\/li>\n \t<li>Insolvenzverfahren und Restrukturierung<\/li>\n \t<li>Corporate Governance und Einhaltung gesetzlicher Vorschriften<\/li>\n \t<li>Schlichtung und Mediation<\/li>\n \t<li>Zivilrecht<\/li>\n \t<li>Immobilien- und Verm\u00f6genstransaktionen<\/li>\n<\/ul>\n<strong>AUSBILDUNG UND MITGLIEDSCHAFTEN<\/strong>\n<ul>\n \t<li>Juristische Fakult\u00e4t der Universit\u00e4t Split<\/li>\n \t<li>Das zweite juristische Staatsexamen (Anwaltspr\u00fcfung)<\/li>\n \t<li>Kroatische Rechtsanwaltskammer<\/li>\n<\/ul>\n<strong>SPRACHEN<\/strong>\n<ul>\n \t<li>Kroatisch<\/li>\n \t<li>Englisch<\/li>\n<\/ul>\t\t\t\t\t\t\t\t<\/div>\n\t\t\t\t<\/div>\n\t\t\t\t\t<\/div>\n\t\t<\/div>\n\t\t\t\t\t<\/div>\n\t\t<\/section>\n\t\t\t\t\t<\/div>\n\t\t<\/div>\n\t\t\t\t\t<\/div>\n\t\t<\/section>\n\t\t\t\t<section class=\"elementor-section elementor-top-section elementor-element elementor-element-745d8021 elementor-section-boxed elementor-section-height-default elementor-section-height-default\" data-id=\"745d8021\" data-element_type=\"section\" data-e-type=\"section\" data-settings=\"{&quot;background_background&quot;:&quot;classic&quot;}\">\n\t\t\t\t\t\t<div class=\"elementor-container elementor-column-gap-default\">\n\t\t\t\t\t<div class=\"elementor-column elementor-col-100 elementor-top-column elementor-element elementor-element-3ce0a8f9\" data-id=\"3ce0a8f9\" data-element_type=\"column\" data-e-type=\"column\">\n\t\t\t<div class=\"elementor-widget-wrap elementor-element-populated\">\n\t\t\t\t\t\t<div class=\"elementor-element elementor-element-32204a91 elementor-invisible elementor-widget elementor-widget-heading\" data-id=\"32204a91\" data-element_type=\"widget\" data-e-type=\"widget\" data-settings=\"{&quot;_animation&quot;:&quot;fadeInDown&quot;}\" data-widget_type=\"heading.default\">\n\t\t\t\t<div class=\"elementor-widget-container\">\n\t\t\t\t\t<h2 class=\"elementor-heading-title elementor-size-default\">Profil<\/h2>\t\t\t\t<\/div>\n\t\t\t\t<\/div>\n\t\t\t\t<div class=\"elementor-element elementor-element-fe77cea elementor-widget elementor-widget-text-editor\" data-id=\"fe77cea\" data-element_type=\"widget\" data-e-type=\"widget\" data-widget_type=\"text-editor.default\">\n\t\t\t\t<div class=\"elementor-widget-container\">\n\t\t\t\t\t\t\t\t\t<p>Partner und Leiter der Gruppe unserer Rechtsanwaltsgesellschaft f\u00fcr Streitbeilegung, Eintreibung von Forderungen und Vorinsolvenz- und Insolvenzsverfahren.<br><br>In seiner anwaltlichen T\u00e4tigkeit befasst sich Jerko haupts\u00e4chlich mit allgemeinem Wirtschafts- und Zivilrecht, mit besonderem Schwerpunkt auf Gesellschaftsrecht und Gerichtsverfahren. Er hat zahlreiche internationale und nationale Mandanten bei der Erstellung vollst\u00e4ndiger Transaktionsdokumentationen bei Unternehmens\u00fcbernahmen beraten. Er hat Finanzinstitutionen bei Finanzierungs- und Kreditprojekten sowie bei der Schaffung komplexer (Bank)Sicherheiten beraten. Er hat zahlreiche internationale und inl\u00e4ndische Mandanten, multinationale Unternehmen und Finanzinstitutionen in Verfahren vor Gerichten und anderen zust\u00e4ndigen Staatsbeh\u00f6rden in einer Reihe komplexer Zivil- und Handelsstreitigkeiten vertreten. Jerko verf\u00fcgt \u00fcber umfangreiche Erfahrung in Prozess- und Vollstreckungsverfahren, Insolvenz- und Vorinsolvenzverfahren, Schlichtung, Mediation und Schiedsverfahren.    <\/p>\t\t\t\t\t\t\t\t<\/div>\n\t\t\t\t<\/div>\n\t\t\t\t\t<\/div>\n\t\t<\/div>\n\t\t\t\t\t<\/div>\n\t\t<\/section>\n\t\t\t\t<section class=\"elementor-section elementor-top-section elementor-element elementor-element-004a6d2 elementor-section-boxed elementor-section-height-default elementor-section-height-default\" data-id=\"004a6d2\" data-element_type=\"section\" data-e-type=\"section\" data-settings=\"{&quot;background_background&quot;:&quot;classic&quot;}\">\n\t\t\t\t\t\t<div class=\"elementor-container elementor-column-gap-default\">\n\t\t\t\t\t<div class=\"elementor-column elementor-col-100 elementor-top-column elementor-element elementor-element-b1fe72a\" data-id=\"b1fe72a\" data-element_type=\"column\" data-e-type=\"column\">\n\t\t\t<div class=\"elementor-widget-wrap elementor-element-populated\">\n\t\t\t\t\t\t<div class=\"elementor-element elementor-element-446b11e elementor-invisible elementor-widget elementor-widget-heading\" data-id=\"446b11e\" data-element_type=\"widget\" data-e-type=\"widget\" data-settings=\"{&quot;_animation&quot;:&quot;fadeInDown&quot;}\" data-widget_type=\"heading.default\">\n\t\t\t\t<div class=\"elementor-widget-container\">\n\t\t\t\t\t<h2 class=\"elementor-heading-title elementor-size-default\">Andere Rechtsanw\u00e4lte<\/h2>\t\t\t\t<\/div>\n\t\t\t\t<\/div>\n\t\t\t\t<div class=\"elementor-element elementor-element-8bc7eef elementor-icon-list--layout-traditional elementor-list-item-link-full_width elementor-widget elementor-widget-icon-list\" data-id=\"8bc7eef\" data-element_type=\"widget\" data-e-type=\"widget\" data-widget_type=\"icon-list.default\">\n\t\t\t\t<div class=\"elementor-widget-container\">\n\t\t\t\t\t\t\t<ul class=\"elementor-icon-list-items\">\n\t\t\t\t\t\t\t<li class=\"elementor-icon-list-item\">\n\t\t\t\t\t\t\t\t\t\t\t<a href=\"https:\/\/odmgv.hr\/de\/jakov-mamic\/\">\n\n\t\t\t\t\t\t\t\t\t\t\t\t<span class=\"elementor-icon-list-icon\">\n\t\t\t\t\t\t\t<i aria-hidden=\"true\" class=\"fas fa-circle\"><\/i>\t\t\t\t\t\t<\/span>\n\t\t\t\t\t\t\t\t\t\t<span class=\"elementor-icon-list-text\">Jakov Mami\u0107 - Rechtsanwalt \/ Partner<\/span>\n\t\t\t\t\t\t\t\t\t\t\t<\/a>\n\t\t\t\t\t\t\t\t\t<\/li>\n\t\t\t\t\t\t\t\t<li class=\"elementor-icon-list-item\">\n\t\t\t\t\t\t\t\t\t\t\t<a href=\"https:\/\/odmgv.hr\/de\/jerko-grgic\/\">\n\n\t\t\t\t\t\t\t\t\t\t\t\t<span class=\"elementor-icon-list-icon\">\n\t\t\t\t\t\t\t<i aria-hidden=\"true\" class=\"fas fa-circle\"><\/i>\t\t\t\t\t\t<\/span>\n\t\t\t\t\t\t\t\t\t\t<span class=\"elementor-icon-list-text\">Jerko Grgi\u0107 - Rechtsanwalt \/ Partner<\/span>\n\t\t\t\t\t\t\t\t\t\t\t<\/a>\n\t\t\t\t\t\t\t\t\t<\/li>\n\t\t\t\t\t\t\t\t<li class=\"elementor-icon-list-item\">\n\t\t\t\t\t\t\t\t\t\t\t<a href=\"https:\/\/odmgv.hr\/de\/martina-vinter\/\">\n\n\t\t\t\t\t\t\t\t\t\t\t\t<span class=\"elementor-icon-list-icon\">\n\t\t\t\t\t\t\t<i aria-hidden=\"true\" class=\"fas fa-circle\"><\/i>\t\t\t\t\t\t<\/span>\n\t\t\t\t\t\t\t\t\t\t<span class=\"elementor-icon-list-text\">Martina Vinter - Rechtsanwalt \/ Partner<\/span>\n\t\t\t\t\t\t\t\t\t\t\t<\/a>\n\t\t\t\t\t\t\t\t\t<\/li>\n\t\t\t\t\t\t\t\t<li class=\"elementor-icon-list-item\">\n\t\t\t\t\t\t\t\t\t\t\t<a href=\"https:\/\/odmgv.hr\/de\/vedran-plasaj\/\">\n\n\t\t\t\t\t\t\t\t\t\t\t\t<span class=\"elementor-icon-list-icon\">\n\t\t\t\t\t\t\t<i aria-hidden=\"true\" class=\"fas fa-circle\"><\/i>\t\t\t\t\t\t<\/span>\n\t\t\t\t\t\t\t\t\t\t<span class=\"elementor-icon-list-text\">Vedran Plasaj - Rechtsanwalt<\/span>\n\t\t\t\t\t\t\t\t\t\t\t<\/a>\n\t\t\t\t\t\t\t\t\t<\/li>\n\t\t\t\t\t\t\t\t<li class=\"elementor-icon-list-item\">\n\t\t\t\t\t\t\t\t\t\t\t<a href=\"https:\/\/odmgv.hr\/de\/anita-grabar\/\">\n\n\t\t\t\t\t\t\t\t\t\t\t\t<span class=\"elementor-icon-list-icon\">\n\t\t\t\t\t\t\t<i aria-hidden=\"true\" class=\"fas fa-circle\"><\/i>\t\t\t\t\t\t<\/span>\n\t\t\t\t\t\t\t\t\t\t<span class=\"elementor-icon-list-text\">Anita Grabar - Rechtsanwalt<\/span>\n\t\t\t\t\t\t\t\t\t\t\t<\/a>\n\t\t\t\t\t\t\t\t\t<\/li>\n\t\t\t\t\t\t<\/ul>\n\t\t\t\t\t\t<\/div>\n\t\t\t\t<\/div>\n\t\t\t\t\t<\/div>\n\t\t<\/div>\n\t\t\t\t\t<\/div>\n\t\t<\/section>\n\t\t\t\t<\/div>\n\t\t","protected":false},"excerpt":{"rendered":"<p>Jerko Grgi\u0107 Rechtsanwalt \/ Partner KONTAKT+385 91<\/p>\n","protected":false},"author":1,"featured_media":0,"parent":0,"menu_order":0,"comment_status":"closed","ping_status":"closed","template":"elementor_header_footer","meta":{"footnotes":""},"class_list":["post-8486","page","type-page","status-publish","hentry"],"_links":{"self":[{"href":"https:\/\/odmgv.hr\/de\/wp-json\/wp\/v2\/pages\/8486","targetHints":{"allow":["GET"]}}],"collection":[{"href":"https:\/\/odmgv.hr\/de\/wp-json\/wp\/v2\/pages"}],"about":[{"href":"https:\/\/odmgv.hr\/de\/wp-json\/wp\/v2\/types\/page"}],"author":[{"embeddable":true,"href":"https:\/\/odmgv.hr\/de\/wp-json\/wp\/v2\/users\/1"}],"replies":[{"embeddable":true,"href":"https:\/\/odmgv.hr\/de\/wp-json\/wp\/v2\/comments?post=8486"}],"version-history":[{"count":21,"href":"https:\/\/odmgv.hr\/de\/wp-json\/wp\/v2\/pages\/8486\/revisions"}],"predecessor-version":[{"id":10928,"href":"https:\/\/odmgv.hr\/de\/wp-json\/wp\/v2\/pages\/8486\/revisions\/10928"}],"wp:attachment":[{"href":"https:\/\/odmgv.hr\/de\/wp-json\/wp\/v2\/media?parent=8486"}],"curies":[{"name":"wp","href":"https:\/\/api.w.org\/{rel}","templated":true}]}}