{"id":8490,"date":"2022-06-21T10:55:31","date_gmt":"2022-06-21T08:55:31","guid":{"rendered":"https:\/\/odmgv.hr\/vedran-plasaj\/"},"modified":"2025-01-27T14:15:53","modified_gmt":"2025-01-27T13:15:53","slug":"vedran-plasaj","status":"publish","type":"page","link":"https:\/\/odmgv.hr\/de\/vedran-plasaj\/","title":{"rendered":"Vedran Plasaj"},"content":{"rendered":"\t\t<div data-elementor-type=\"wp-page\" data-elementor-id=\"8490\" class=\"elementor elementor-8490 elementor-7458\" data-elementor-post-type=\"page\">\n\t\t\t\t\t\t<section class=\"elementor-section elementor-top-section elementor-element elementor-element-28e2f49a elementor-section-boxed elementor-section-height-default elementor-section-height-default\" data-id=\"28e2f49a\" data-element_type=\"section\" data-e-type=\"section\" data-settings=\"{&quot;background_background&quot;:&quot;classic&quot;}\">\n\t\t\t\t\t\t<div class=\"elementor-container elementor-column-gap-default\">\n\t\t\t\t\t<div class=\"elementor-column elementor-col-100 elementor-top-column elementor-element elementor-element-5582d7b0\" data-id=\"5582d7b0\" data-element_type=\"column\" data-e-type=\"column\">\n\t\t\t<div class=\"elementor-widget-wrap elementor-element-populated\">\n\t\t\t\t\t\t<section class=\"elementor-section elementor-inner-section elementor-element elementor-element-9bfaea elementor-section-boxed elementor-section-height-default elementor-section-height-default\" data-id=\"9bfaea\" data-element_type=\"section\" data-e-type=\"section\" data-settings=\"{&quot;background_background&quot;:&quot;classic&quot;}\">\n\t\t\t\t\t\t<div class=\"elementor-container elementor-column-gap-default\">\n\t\t\t\t\t<div class=\"elementor-column elementor-col-50 elementor-inner-column elementor-element elementor-element-562c1846 elementor-invisible\" data-id=\"562c1846\" data-element_type=\"column\" data-e-type=\"column\" data-settings=\"{&quot;background_background&quot;:&quot;classic&quot;,&quot;animation&quot;:&quot;fadeInLeft&quot;}\">\n\t\t\t<div class=\"elementor-widget-wrap elementor-element-populated\">\n\t\t\t\t\t\t<div class=\"elementor-element elementor-element-4ab14fdb elementor-widget elementor-widget-image\" data-id=\"4ab14fdb\" data-element_type=\"widget\" data-e-type=\"widget\" data-widget_type=\"image.default\">\n\t\t\t\t<div class=\"elementor-widget-container\">\n\t\t\t\t\t\t\t\t\t\t\t\t\t\t\t<img fetchpriority=\"high\" decoding=\"async\" width=\"530\" height=\"795\" src=\"https:\/\/odmgv.hr\/wp-content\/uploads\/2024\/05\/MGV-Vedran-Plasaj.webp\" class=\"attachment-full size-full wp-image-9847\" alt=\"\" srcset=\"https:\/\/odmgv.hr\/wp-content\/uploads\/2024\/05\/MGV-Vedran-Plasaj.webp 530w, https:\/\/odmgv.hr\/wp-content\/uploads\/2024\/05\/MGV-Vedran-Plasaj-200x300.webp 200w\" sizes=\"(max-width: 530px) 100vw, 530px\" \/>\t\t\t\t\t\t\t\t\t\t\t\t\t\t\t<\/div>\n\t\t\t\t<\/div>\n\t\t\t\t\t<\/div>\n\t\t<\/div>\n\t\t\t\t<div class=\"elementor-column elementor-col-50 elementor-inner-column elementor-element elementor-element-2fe663c4 elementor-invisible\" data-id=\"2fe663c4\" data-element_type=\"column\" data-e-type=\"column\" data-settings=\"{&quot;background_background&quot;:&quot;classic&quot;,&quot;animation&quot;:&quot;fadeInRight&quot;}\">\n\t\t\t<div class=\"elementor-widget-wrap elementor-element-populated\">\n\t\t\t\t\t\t<div class=\"elementor-element elementor-element-5e44a154 elementor-invisible elementor-widget elementor-widget-heading\" data-id=\"5e44a154\" data-element_type=\"widget\" data-e-type=\"widget\" data-settings=\"{&quot;_animation&quot;:&quot;fadeInDown&quot;}\" data-widget_type=\"heading.default\">\n\t\t\t\t<div class=\"elementor-widget-container\">\n\t\t\t\t\t<h2 class=\"elementor-heading-title elementor-size-default\">Vedran Plasaj<\/h2>\t\t\t\t<\/div>\n\t\t\t\t<\/div>\n\t\t\t\t<div class=\"elementor-element elementor-element-8701dfb elementor-invisible elementor-widget elementor-widget-heading\" data-id=\"8701dfb\" data-element_type=\"widget\" data-e-type=\"widget\" data-settings=\"{&quot;_animation&quot;:&quot;fadeInDown&quot;}\" data-widget_type=\"heading.default\">\n\t\t\t\t<div class=\"elementor-widget-container\">\n\t\t\t\t\t<h3 class=\"elementor-heading-title elementor-size-default\">Rechtsanwalt<\/h3>\t\t\t\t<\/div>\n\t\t\t\t<\/div>\n\t\t\t\t<div class=\"elementor-element elementor-element-c6e911e elementor-widget elementor-widget-text-editor\" data-id=\"c6e911e\" data-element_type=\"widget\" data-e-type=\"widget\" data-widget_type=\"text-editor.default\">\n\t\t\t\t<div class=\"elementor-widget-container\">\n\t\t\t\t\t\t\t\t\t<p><strong>KONTAKT <\/strong><br \/><a href=\"tel:+385 91 3636 038\">+385 91 3636 038<\/a><br \/><a href=\"mailto:vedran.plasaj@mamic-grgic.hr\">vedran.plasaj@mamic-grgic.hr<\/a><\/p>\t\t\t\t\t\t\t\t<\/div>\n\t\t\t\t<\/div>\n\t\t\t\t<div class=\"elementor-element elementor-element-53e88d2a elementor-widget-mobile__width-auto elementor-invisible elementor-widget elementor-widget-text-editor\" data-id=\"53e88d2a\" data-element_type=\"widget\" data-e-type=\"widget\" data-settings=\"{&quot;_animation&quot;:&quot;fadeInUp&quot;}\" data-widget_type=\"text-editor.default\">\n\t\t\t\t<div class=\"elementor-widget-container\">\n\t\t\t\t\t\t\t\t\t<strong>RECHTSGEBIETE<\/strong>\n<ul>\n <li>Gesellschaftsrecht<\/li>\n \t<li>Corporate Governance und Einhaltung gesetzlicher Vorschriften<\/li>\n \t<li>Zivilrecht<\/li>\n \t<li>Insolvenzverfahren und Restrukturierung<\/li>\n \t<li>Immobilien- und Verm\u00f6genstransaktionen<\/li>\n \t<li>Schutz personenbezogener Daten<\/li>\n<\/ul>\n<strong>AUSBILDUNG UND MITGLIEDSCHAFTEN<\/strong>\n<ul>\n \t<li>Philosophische Fakult\u00e4t der Gesellschaft Jesu (Jesuiten) in Zagreb<\/li>\n \t<li>Juristische Fakult\u00e4t der Universit\u00e4t Zagreb<\/li>\n \t<li>Das zweite juristische Staatsexamen (Anwaltspr\u00fcfung)<\/li>\n \t<li>Kroatische Rechtsanwaltskammer<\/li>\n<\/ul>\n<strong>SPRACHEN<\/strong>\n<ul>\n \t<li>Kroatisch<\/li>\n \t<li>Englisch<\/li>\n<\/ul>\t\t\t\t\t\t\t\t<\/div>\n\t\t\t\t<\/div>\n\t\t\t\t\t<\/div>\n\t\t<\/div>\n\t\t\t\t\t<\/div>\n\t\t<\/section>\n\t\t\t\t\t<\/div>\n\t\t<\/div>\n\t\t\t\t\t<\/div>\n\t\t<\/section>\n\t\t\t\t<section class=\"elementor-section elementor-top-section elementor-element elementor-element-745d8021 elementor-section-boxed elementor-section-height-default elementor-section-height-default\" data-id=\"745d8021\" data-element_type=\"section\" data-e-type=\"section\" data-settings=\"{&quot;background_background&quot;:&quot;classic&quot;}\">\n\t\t\t\t\t\t<div class=\"elementor-container elementor-column-gap-default\">\n\t\t\t\t\t<div class=\"elementor-column elementor-col-100 elementor-top-column elementor-element elementor-element-3ce0a8f9\" data-id=\"3ce0a8f9\" data-element_type=\"column\" data-e-type=\"column\">\n\t\t\t<div class=\"elementor-widget-wrap elementor-element-populated\">\n\t\t\t\t\t\t<div class=\"elementor-element elementor-element-32204a91 elementor-invisible elementor-widget elementor-widget-heading\" data-id=\"32204a91\" data-element_type=\"widget\" data-e-type=\"widget\" data-settings=\"{&quot;_animation&quot;:&quot;fadeInDown&quot;}\" data-widget_type=\"heading.default\">\n\t\t\t\t<div class=\"elementor-widget-container\">\n\t\t\t\t\t<h2 class=\"elementor-heading-title elementor-size-default\">Profil<\/h2>\t\t\t\t<\/div>\n\t\t\t\t<\/div>\n\t\t\t\t<div class=\"elementor-element elementor-element-fe77cea elementor-widget elementor-widget-text-editor\" data-id=\"fe77cea\" data-element_type=\"widget\" data-e-type=\"widget\" data-widget_type=\"text-editor.default\">\n\t\t\t\t<div class=\"elementor-widget-container\">\n\t\t\t\t\t\t\t\t\t<p>Rechtsanwalt und Leiter der Gruppe unserer Rechtsanwaltsgesellschaft f\u00fcr eigentumsrechtliche Beziehungen und regulatorische Beratung im Bereich des Schutzes personenbezogener Daten (DSGVO).<\/p><p>In seiner Anwaltspraxis befasst sich Vedran haupts\u00e4chlich mit allgemeinem Handels- und Zivilrecht, mit besonderem Schwerpunkt auf Gesellschaftsrecht, Schutz personenbezogener Daten (DSGVO) und Harmonisierung von Unternehmen mit nationalen und EU-Vorschriften, sowie mit der Vertretung von Parteien in Gerichts- und Schiedsverfahren. Er hat Finanzinstitutionen bei Finanzierungs- und Kreditprojekten sowie bei der Schaffung komplexer (Bank)Sicherheiten beraten. Er hat zahlreiche internationale und inl\u00e4ndische Mandanten, multinationale Unternehmen und Finanzinstitutionen in Gerichtsverfahren und anderen zust\u00e4ndigen Staatsbeh\u00f6rden in einer Reihe komplexer Zivil- und Handelsstreitigkeiten, insbesondere Insolvenzverfahren, vertreten. Vedran verf\u00fcgt \u00fcber umfangreiche Erfahrung in Prozessf\u00fchrung und Vollstreckung, Insolvenz- und Vorinsolvenzverfahren, Schlichtung, Mediation und Schiedsverfahren.   <\/p>\t\t\t\t\t\t\t\t<\/div>\n\t\t\t\t<\/div>\n\t\t\t\t\t<\/div>\n\t\t<\/div>\n\t\t\t\t\t<\/div>\n\t\t<\/section>\n\t\t\t\t<section class=\"elementor-section elementor-top-section elementor-element elementor-element-6e94117 elementor-section-boxed elementor-section-height-default elementor-section-height-default\" data-id=\"6e94117\" data-element_type=\"section\" data-e-type=\"section\" data-settings=\"{&quot;background_background&quot;:&quot;classic&quot;}\">\n\t\t\t\t\t\t<div class=\"elementor-container elementor-column-gap-default\">\n\t\t\t\t\t<div class=\"elementor-column elementor-col-100 elementor-top-column elementor-element elementor-element-270fb94\" data-id=\"270fb94\" data-element_type=\"column\" data-e-type=\"column\">\n\t\t\t<div class=\"elementor-widget-wrap elementor-element-populated\">\n\t\t\t\t\t\t<div class=\"elementor-element elementor-element-e62d0d5 elementor-invisible elementor-widget elementor-widget-heading\" data-id=\"e62d0d5\" data-element_type=\"widget\" data-e-type=\"widget\" data-settings=\"{&quot;_animation&quot;:&quot;fadeInDown&quot;}\" data-widget_type=\"heading.default\">\n\t\t\t\t<div class=\"elementor-widget-container\">\n\t\t\t\t\t<h2 class=\"elementor-heading-title elementor-size-default\">Andere Rechtsanw\u00e4lte<\/h2>\t\t\t\t<\/div>\n\t\t\t\t<\/div>\n\t\t\t\t<div class=\"elementor-element elementor-element-c7c9140 elementor-icon-list--layout-traditional elementor-list-item-link-full_width elementor-widget elementor-widget-icon-list\" data-id=\"c7c9140\" data-element_type=\"widget\" data-e-type=\"widget\" data-widget_type=\"icon-list.default\">\n\t\t\t\t<div class=\"elementor-widget-container\">\n\t\t\t\t\t\t\t<ul class=\"elementor-icon-list-items\">\n\t\t\t\t\t\t\t<li class=\"elementor-icon-list-item\">\n\t\t\t\t\t\t\t\t\t\t\t<a href=\"https:\/\/odmgv.hr\/de\/jakov-mamic\/\">\n\n\t\t\t\t\t\t\t\t\t\t\t\t<span class=\"elementor-icon-list-icon\">\n\t\t\t\t\t\t\t<i aria-hidden=\"true\" class=\"fas fa-circle\"><\/i>\t\t\t\t\t\t<\/span>\n\t\t\t\t\t\t\t\t\t\t<span class=\"elementor-icon-list-text\">Jakov Mami\u0107 - Rechtsanwalt \/ Partner<\/span>\n\t\t\t\t\t\t\t\t\t\t\t<\/a>\n\t\t\t\t\t\t\t\t\t<\/li>\n\t\t\t\t\t\t\t\t<li class=\"elementor-icon-list-item\">\n\t\t\t\t\t\t\t\t\t\t\t<a href=\"https:\/\/odmgv.hr\/de\/jerko-grgic\/\">\n\n\t\t\t\t\t\t\t\t\t\t\t\t<span class=\"elementor-icon-list-icon\">\n\t\t\t\t\t\t\t<i aria-hidden=\"true\" class=\"fas fa-circle\"><\/i>\t\t\t\t\t\t<\/span>\n\t\t\t\t\t\t\t\t\t\t<span class=\"elementor-icon-list-text\">Jerko Grgi\u0107 - Rechtsanwalt \/ Partner<\/span>\n\t\t\t\t\t\t\t\t\t\t\t<\/a>\n\t\t\t\t\t\t\t\t\t<\/li>\n\t\t\t\t\t\t\t\t<li class=\"elementor-icon-list-item\">\n\t\t\t\t\t\t\t\t\t\t\t<a href=\"https:\/\/odmgv.hr\/de\/martina-vinter\/\">\n\n\t\t\t\t\t\t\t\t\t\t\t\t<span class=\"elementor-icon-list-icon\">\n\t\t\t\t\t\t\t<i aria-hidden=\"true\" class=\"fas fa-circle\"><\/i>\t\t\t\t\t\t<\/span>\n\t\t\t\t\t\t\t\t\t\t<span class=\"elementor-icon-list-text\">Martina Vinter - Rechtsanwalt \/ Partner<\/span>\n\t\t\t\t\t\t\t\t\t\t\t<\/a>\n\t\t\t\t\t\t\t\t\t<\/li>\n\t\t\t\t\t\t\t\t<li class=\"elementor-icon-list-item\">\n\t\t\t\t\t\t\t\t\t\t\t<a href=\"https:\/\/odmgv.hr\/de\/vedran-plasaj\/\">\n\n\t\t\t\t\t\t\t\t\t\t\t\t<span class=\"elementor-icon-list-icon\">\n\t\t\t\t\t\t\t<i aria-hidden=\"true\" class=\"fas fa-circle\"><\/i>\t\t\t\t\t\t<\/span>\n\t\t\t\t\t\t\t\t\t\t<span class=\"elementor-icon-list-text\">Vedran Plasaj - Rechtsanwalt<\/span>\n\t\t\t\t\t\t\t\t\t\t\t<\/a>\n\t\t\t\t\t\t\t\t\t<\/li>\n\t\t\t\t\t\t\t\t<li class=\"elementor-icon-list-item\">\n\t\t\t\t\t\t\t\t\t\t\t<a href=\"https:\/\/odmgv.hr\/de\/anita-grabar\/\">\n\n\t\t\t\t\t\t\t\t\t\t\t\t<span class=\"elementor-icon-list-icon\">\n\t\t\t\t\t\t\t<i aria-hidden=\"true\" class=\"fas fa-circle\"><\/i>\t\t\t\t\t\t<\/span>\n\t\t\t\t\t\t\t\t\t\t<span class=\"elementor-icon-list-text\">Anita Grabar - Rechtsanwalt<\/span>\n\t\t\t\t\t\t\t\t\t\t\t<\/a>\n\t\t\t\t\t\t\t\t\t<\/li>\n\t\t\t\t\t\t<\/ul>\n\t\t\t\t\t\t<\/div>\n\t\t\t\t<\/div>\n\t\t\t\t\t<\/div>\n\t\t<\/div>\n\t\t\t\t\t<\/div>\n\t\t<\/section>\n\t\t\t\t<\/div>\n\t\t","protected":false},"excerpt":{"rendered":"<p>Vedran Plasaj Rechtsanwalt KONTAKT +385 91 3636<\/p>\n","protected":false},"author":1,"featured_media":0,"parent":0,"menu_order":0,"comment_status":"closed","ping_status":"closed","template":"elementor_header_footer","meta":{"footnotes":""},"class_list":["post-8490","page","type-page","status-publish","hentry"],"_links":{"self":[{"href":"https:\/\/odmgv.hr\/de\/wp-json\/wp\/v2\/pages\/8490","targetHints":{"allow":["GET"]}}],"collection":[{"href":"https:\/\/odmgv.hr\/de\/wp-json\/wp\/v2\/pages"}],"about":[{"href":"https:\/\/odmgv.hr\/de\/wp-json\/wp\/v2\/types\/page"}],"author":[{"embeddable":true,"href":"https:\/\/odmgv.hr\/de\/wp-json\/wp\/v2\/users\/1"}],"replies":[{"embeddable":true,"href":"https:\/\/odmgv.hr\/de\/wp-json\/wp\/v2\/comments?post=8490"}],"version-history":[{"count":24,"href":"https:\/\/odmgv.hr\/de\/wp-json\/wp\/v2\/pages\/8490\/revisions"}],"predecessor-version":[{"id":10934,"href":"https:\/\/odmgv.hr\/de\/wp-json\/wp\/v2\/pages\/8490\/revisions\/10934"}],"wp:attachment":[{"href":"https:\/\/odmgv.hr\/de\/wp-json\/wp\/v2\/media?parent=8490"}],"curies":[{"name":"wp","href":"https:\/\/api.w.org\/{rel}","templated":true}]}}